{"id":21,"date":"2018-03-18T22:18:28","date_gmt":"2018-03-18T21:18:28","guid":{"rendered":"http:\/\/lebruitdesb0ts.org\/?page_id=21"},"modified":"2024-11-03T21:40:32","modified_gmt":"2024-11-03T20:40:32","slug":"fiche-technique","status":"publish","type":"page","link":"https:\/\/lebruitdesb0ts.org\/index.php\/fiche-technique\/","title":{"rendered":"Fiche Technique"},"content":{"rendered":"<div class=\"entry-content\">\n<p>Nos caract\u00e9ristiques techniques<\/p>\n<ul>\n<li>surface de travail n\u00e9cessaire : table de min 0,8m * 2m;<\/li>\n<li>8 prise 220V \u00e0 brancher;<\/li>\n<li>sortie (de notre table de mix) : 2 jack mono ou 2 XLR.<br \/>\n\/!\\ signal pouvant taper parfois dans le rouge, pr\u00e9voir \u00e9ventuellement des limiteurs ou de quoi monitorer pendant le live;<\/li>\n<li>retour amplifi\u00e9 souhait\u00e9;<\/li>\n<\/ul>\n<p>prix libre<\/p>\n<\/div>\n","protected":false},"excerpt":{"rendered":"<p>Nos caract\u00e9ristiques techniques surface de travail n\u00e9cessaire : table de min 0,8m * 2m; 8 prise 220V \u00e0 brancher; sortie (de notre table de mix) : 2 jack mono ou 2 XLR. \/!\\ signal pouvant taper parfois dans le rouge, pr\u00e9voir \u00e9ventuellement des limiteurs ou de quoi monitorer pendant le live; retour amplifi\u00e9 souhait\u00e9; prix [&hellip;]<\/p>\n","protected":false},"author":1,"featured_media":0,"parent":0,"menu_order":0,"comment_status":"closed","ping_status":"closed","template":"","meta":{"footnotes":""},"class_list":["post-21","page","type-page","status-publish","hentry"],"_links":{"self":[{"href":"https:\/\/lebruitdesb0ts.org\/index.php\/wp-json\/wp\/v2\/pages\/21","targetHints":{"allow":["GET"]}}],"collection":[{"href":"https:\/\/lebruitdesb0ts.org\/index.php\/wp-json\/wp\/v2\/pages"}],"about":[{"href":"https:\/\/lebruitdesb0ts.org\/index.php\/wp-json\/wp\/v2\/types\/page"}],"author":[{"embeddable":true,"href":"https:\/\/lebruitdesb0ts.org\/index.php\/wp-json\/wp\/v2\/users\/1"}],"replies":[{"embeddable":true,"href":"https:\/\/lebruitdesb0ts.org\/index.php\/wp-json\/wp\/v2\/comments?post=21"}],"version-history":[{"count":3,"href":"https:\/\/lebruitdesb0ts.org\/index.php\/wp-json\/wp\/v2\/pages\/21\/revisions"}],"predecessor-version":[{"id":199,"href":"https:\/\/lebruitdesb0ts.org\/index.php\/wp-json\/wp\/v2\/pages\/21\/revisions\/199"}],"wp:attachment":[{"href":"https:\/\/lebruitdesb0ts.org\/index.php\/wp-json\/wp\/v2\/media?parent=21"}],"curies":[{"name":"wp","href":"https:\/\/api.w.org\/{rel}","templated":true}]}}