{"id":19,"date":"2018-03-18T22:16:29","date_gmt":"2018-03-18T21:16:29","guid":{"rendered":"http:\/\/lebruitdesb0ts.org\/?page_id=19"},"modified":"2025-11-19T21:07:48","modified_gmt":"2025-11-19T20:07:48","slug":"archives","status":"publish","type":"page","link":"https:\/\/lebruitdesb0ts.org\/index.php\/archives\/","title":{"rendered":"Archives"},"content":{"rendered":"<div class=\"entry-content\">\n<p>Nos pr\u00e9c\u00e9dents lives :<\/p>\n<ol>\n<li>18\/05\/13 : 03h30 \u2013 annif csoa [csoa]<\/li>\n<li>14\/09\/13 : 23h00 \u2013 pendaison de cr\u00e9amill\u00e8re la Haute [rue haute]<\/li>\n<li>21\/02\/14 : 22h00 \u2013 annif Kuizine [csoa]<\/li>\n<li>19\/04\/14 : 03h00 \u2013 Zombie Queer Pride [csoa]<\/li>\n<li>13\/09\/14 : 01h00 \u2013 Free Party (contre le gouvernement) [Sart Tilman]<\/li>\n<li>06\/12\/14 : 00h30 \u2013 Oeil de chatte [l\u2019Abbaye]<\/li>\n<li>20\/12\/14 : 22h30 \u2013 b\u00e9n\u00e9fit oiseaux s\u2019ent\u00eatent [la zone]<\/li>\n<li>28\/02\/15 : 23h00 \u2013 b\u00e9n\u00e9fit v\u00e9lorution [bokal royal]<\/li>\n<li>25\/04\/15 : 00h00 \u2013 b\u00e9n\u00e9fit Zombie Queer Pride [8 rue hocheporte]<\/li>\n<li>26\/06\/15 : 00h00 \u2013 soir\u00e9e de fin de saison [Cercle du Laveu]<\/li>\n<li>27\/06\/15 : 21h00 \u2013 soir\u00e9e priv\u00e9e (annif) [P\u2019tit Laurent]<\/li>\n<li>11\/07\/15 : 02h30 \u2013 V\u00e9lorution universelle [Barlok]<\/li>\n<li>18\/09\/15 : 22h00 \u2013 Soir\u00e9e priv\u00e9e (d\u00e9pendaison de cr\u00e9maill\u00e8re) [Ben]<\/li>\n<li>30\/10\/15 : 23h59 \u2013 East Party (b\u00e9n\u00e9fit Mass Kritik) [8 rue hocheporte]<\/li>\n<li>31\/10\/15 : 23h59 \u2013 Ouverture le Maquis [pr\u00e8s de Cro]<\/li>\n<li>31\/12\/15 : 01h00 \u2013 Willy\u2019s Nightmare Party [ancienne factory rue Souverain-Pont]<\/li>\n<li>21\/05\/16 : 23h00 \u2013 anniversaire des triplettes de belleville [soir\u00e9e priv\u00e9e]<\/li>\n<li>26\/08\/16 : 23h00 \u2013 anniversaire de ? [L\u00e9gia]<\/li>\n<li>16\/09\/16 : 22h00 \u2013 anti sabbam day [laZone]<\/li>\n<li>31\/12\/16 : 03h00 \u2013 nouvel an [cercle du laveu]<\/li>\n<li>03\/02\/17 : 23h00 \u2013 f\u00eates de wallifornie [KulturA]<\/li>\n<li>31\/03\/17 : 01h00 \u2013 benefit atelier v\u00e9lo [Kreaction]<\/li>\n<li>24\/06\/17 : 02h00 \u2013 multianniversaire [casa nicaragua]<\/li>\n<li>8\/12\/17 : 01h00 \u2013 Party! [KulturA]<\/li>\n<li>16\/02\/18 : 03h0 &#8211;\u00a0 Rettriger \u2013 Le Bruit des B0ts &#8211; Le myst\u00e9rieux DJ surprise &#8211; Piet du Congo &#8211; Comme Chien &amp; Chienne &#8211; DJ Gheister &#8211; ANT-1 [KulturA]<\/li>\n<li>25\/05\/18 : 00h00 &#8211; soir\u00e9e put the fun between your legs [Kreaction Football Club]<\/li>\n<li>23\/06\/18 : 00h00 &#8211; L&rsquo;Armande Vibre [L&rsquo;Armande]<\/li>\n<li>15\/09\/18 : 23h00 &#8211; World Cleanup Day [ZAD &#8211; Haren]<\/li>\n<li>12\/01\/19 : 23h00 &#8211; Die congo&rsquo;s nights et emulsion :Electro party<\/li>\n<li>21\/09\/19 : 00h00 &#8211; Boum des \u00e9quinoxes au cercle [Cercle du Laveu]<\/li>\n<li>09\/11\/19 : 22h30 &#8211; OUVERTURE DES ATELIERS CHERI-CHERI [Atelier Cheri Cheri]<\/li>\n<li>30\/10\/21 : 22h30 &#8211; Wudju Sjon + Le Bruit des B0ts [KAFC]<\/li>\n<li>11\/02\/22 : 23h30 &#8211; Soir\u00e9e de solidarit\u00e9 en soutien \u00e0 la communaut\u00e9 squatt\u00e9e de Prosfygika [pr\u00e9 Fabry]<\/li>\n<li>25\/03\/22 : ~01h00 &#8211; koneksion LG BX : Filipyakov Sound System + Kraktakara Sound System [Bierset]<\/li>\n<li>02\/04\/22 : ~03h00 &#8211; Soir\u00e9e avec Logosamphia, Hassan K, Rraouhhh!, Nanortsk Akatsuki et Le Bruit des B0ts<\/li>\n<li>09\/04\/22 : ~00h00 &#8211; Charteuf [Site la Chartreuse, Li\u00e8ge]<\/li>\n<li>02\/07\/22 : ~03h00 &#8211; Free Party Kraktakara \/ Kermess Panik \/ Wilbur Discotek [Marche]<\/li>\n<li>\n<p>10\/09\/22 : ~05h00 &#8211; Tattoo Circus, Li\u00e8ge au [KAFC] d\u00e9tails <a href=\"https:\/\/radar.squat.net\/fr\/node\/408114\">ici <\/a><\/p>\n<\/li>\n<li>\n<p><span class=\"gvxzyvdx aeinzg81 t7p7dqev gh25dzvf ocv3nf92 b6ax4al1 gem102v4 ncib64c9 mrvwc6qr sx8pxkcf f597kf1v cpcgwwas m2nijcs8 dpb8o5vd eawxt9kr pdfqpcpb o48pnaf2 pbevjfx6 ztn2w49o\" dir=\"auto\"><span class=\"b6ax4al1 lq84ybu9 hf30pyar om3e55n1\"><span class=\"\">30\/09\/22 F\u00eate de la victoire de la ZAD de la Chartreuse !\u00a0 Concerts, Grand Feu\u00a0 + After Party\u00a0<\/span><\/span><\/span>\u00a0 plus d\u2019info <a href=\"https:\/\/www.facebook.com\/events\/784506529439863\/\">ici<\/a><\/p>\n<\/li>\n<li>17\/06\/23 [cercle du laveu] : LE BRUIT DES B0TS + WHY THE EYE + DJ GEISTER, plus d&rsquo;info <a href=\"https:\/\/cercledulaveu.be\/cdl_events\/le-bruit-des-b0ts-why-the-eye-dj-geister\/\">ici<\/a><\/li>\n<li>08\/11\/24, Freaky Friday, [KAFC]<\/li>\n<li>14\/05\/25, concert interactif publi jeune [\u00c9cole Naniot]<\/li>\n<li>28\/06\/25, annif p&rsquo;tit Lau (ce sera comme \u00e7a tout le temps) [KAFC]<\/li>\n<li>25\/10\/25, Soir\u00e9e MiFA [Hamoir]<\/li>\n<\/ol>\n<\/div>\n<div id=\"ConnectiveDocSignExtentionInstalled\" data-extension-version=\"1.0.4\">\u00a0<\/div>\n\n\n<p><\/p>\n","protected":false},"excerpt":{"rendered":"<p>Nos pr\u00e9c\u00e9dents lives : 18\/05\/13 : 03h30 \u2013 annif csoa [csoa] 14\/09\/13 : 23h00 \u2013 pendaison de cr\u00e9amill\u00e8re la Haute [rue haute] 21\/02\/14 : 22h00 \u2013 annif Kuizine [csoa] 19\/04\/14 : 03h00 \u2013 Zombie Queer Pride [csoa] 13\/09\/14 : 01h00 \u2013 Free Party (contre le gouvernement) [Sart Tilman] 06\/12\/14 : 00h30 \u2013 Oeil de chatte [&hellip;]<\/p>\n","protected":false},"author":1,"featured_media":0,"parent":0,"menu_order":0,"comment_status":"closed","ping_status":"closed","template":"","meta":{"footnotes":""},"class_list":["post-19","page","type-page","status-publish","hentry"],"_links":{"self":[{"href":"https:\/\/lebruitdesb0ts.org\/index.php\/wp-json\/wp\/v2\/pages\/19","targetHints":{"allow":["GET"]}}],"collection":[{"href":"https:\/\/lebruitdesb0ts.org\/index.php\/wp-json\/wp\/v2\/pages"}],"about":[{"href":"https:\/\/lebruitdesb0ts.org\/index.php\/wp-json\/wp\/v2\/types\/page"}],"author":[{"embeddable":true,"href":"https:\/\/lebruitdesb0ts.org\/index.php\/wp-json\/wp\/v2\/users\/1"}],"replies":[{"embeddable":true,"href":"https:\/\/lebruitdesb0ts.org\/index.php\/wp-json\/wp\/v2\/comments?post=19"}],"version-history":[{"count":22,"href":"https:\/\/lebruitdesb0ts.org\/index.php\/wp-json\/wp\/v2\/pages\/19\/revisions"}],"predecessor-version":[{"id":215,"href":"https:\/\/lebruitdesb0ts.org\/index.php\/wp-json\/wp\/v2\/pages\/19\/revisions\/215"}],"wp:attachment":[{"href":"https:\/\/lebruitdesb0ts.org\/index.php\/wp-json\/wp\/v2\/media?parent=19"}],"curies":[{"name":"wp","href":"https:\/\/api.w.org\/{rel}","templated":true}]}}