{"id":12,"date":"2018-03-18T22:03:13","date_gmt":"2018-03-18T21:03:13","guid":{"rendered":"http:\/\/lebruitdesb0ts.org\/?page_id=12"},"modified":"2025-09-04T23:17:40","modified_gmt":"2025-09-04T21:17:40","slug":"biographie","status":"publish","type":"page","link":"https:\/\/lebruitdesb0ts.org\/index.php\/biographie\/","title":{"rendered":"Biographie"},"content":{"rendered":"<div id=\"content\" class=\"site-content\">\n<div id=\"primary\" class=\"content-area grid-parent mobile-grid-100 grid-75 tablet-grid-75\">\n<article id=\"post-31\" class=\"post-31 page type-page status-publish\">\n<div class=\"inside-article\">\n<div class=\"entry-content\">\n<p>Nous somme \u00ab Le bruit des b0ts \u00bb, un duo li\u00e9geois cr\u00e9\u00e9 en 2013 et manipulant les machines afin d\u2019en produire compositions originales \u00e0 bases de sonorit\u00e9s \u00e9lectroniques. Adeptes de boite \u00e0 rythme, sampler, boites d\u2019effet et autres joyeuset\u00e9s analo-num\u00e9riques (hardware), le bruit des b0ts a pour ambition de remuer les dancefloors interlopes. Le groupe a \u00e0 son actif une quarantaine de performances live dans des endroits aussi h\u00e9t\u00e9roclites les uns que les autres (squat, free party, appartements, petites salles de concert, \u2026).<br \/>\nAdepte du DIY (do it yourself), le groupe est ouvertement dans une d\u00e9marche ind\u00e9pendante, publiant ces morceaux sous licence creative commons (cc-by-nc-sa) encourageant le libre t\u00e9l\u00e9chargement, le prix libre et la dissolution de la Sabam (dans de l\u2019acide-core sulfurique).<\/p>\n<\/div>\n<\/div>\n<\/article>\n<\/div>\n<div id=\"right-sidebar\" class=\"widget-area grid-25 tablet-grid-25 grid-parent sidebar\" role=\"complementary\">\n<div class=\"inside-right-sidebar\"><\/div>\n<\/div>\n<\/div>\n","protected":false},"excerpt":{"rendered":"<p>Nous somme \u00ab Le bruit des b0ts \u00bb, un duo li\u00e9geois cr\u00e9\u00e9 en 2013 et manipulant les machines afin d\u2019en produire compositions originales \u00e0 bases de sonorit\u00e9s \u00e9lectroniques. Adeptes de boite \u00e0 rythme, sampler, boites d\u2019effet et autres joyeuset\u00e9s analo-num\u00e9riques (hardware), le bruit des b0ts a pour ambition de remuer les dancefloors interlopes. Le groupe [&hellip;]<\/p>\n","protected":false},"author":1,"featured_media":0,"parent":0,"menu_order":0,"comment_status":"closed","ping_status":"closed","template":"","meta":{"footnotes":""},"class_list":["post-12","page","type-page","status-publish","hentry"],"_links":{"self":[{"href":"https:\/\/lebruitdesb0ts.org\/index.php\/wp-json\/wp\/v2\/pages\/12","targetHints":{"allow":["GET"]}}],"collection":[{"href":"https:\/\/lebruitdesb0ts.org\/index.php\/wp-json\/wp\/v2\/pages"}],"about":[{"href":"https:\/\/lebruitdesb0ts.org\/index.php\/wp-json\/wp\/v2\/types\/page"}],"author":[{"embeddable":true,"href":"https:\/\/lebruitdesb0ts.org\/index.php\/wp-json\/wp\/v2\/users\/1"}],"replies":[{"embeddable":true,"href":"https:\/\/lebruitdesb0ts.org\/index.php\/wp-json\/wp\/v2\/comments?post=12"}],"version-history":[{"count":4,"href":"https:\/\/lebruitdesb0ts.org\/index.php\/wp-json\/wp\/v2\/pages\/12\/revisions"}],"predecessor-version":[{"id":211,"href":"https:\/\/lebruitdesb0ts.org\/index.php\/wp-json\/wp\/v2\/pages\/12\/revisions\/211"}],"wp:attachment":[{"href":"https:\/\/lebruitdesb0ts.org\/index.php\/wp-json\/wp\/v2\/media?parent=12"}],"curies":[{"name":"wp","href":"https:\/\/api.w.org\/{rel}","templated":true}]}}